{"id":462,"date":"2014-01-01T01:01:49","date_gmt":"2014-01-01T03:01:49","guid":{"rendered":"http:\/\/www.orabr.com\/?page_id=462"},"modified":"2015-05-15T17:00:13","modified_gmt":"2015-05-15T20:00:13","slug":"POSTAR","status":"publish","type":"page","link":"https:\/\/orabr.virttus.com\/?page_id=462","title":{"rendered":"POSTAR"},"content":{"rendered":"<p><HTML><HTML><em>Lembrete! <\/em><\/p>\n<p><em>Voc\u00ea precisar estar\u00a0autenticado para editar seus posts.<\/em><\/p>\n<p>Os posts criados aqui s\u00e3o p\u00fablicos, n\u00e3o \u00e9 preciso estar autenticado para v\u00ea-los.<\/p>\n<p>Recrutadores, podem postar suas vagas, que ser\u00e3o tamb\u00e9m localizadas pelo google.<\/p>\n<p>Consultores podem postar sua disponibilidade e assim ser rapidamente encontrado pelos recrutadores.<\/p>\n<blockquote><p>Postar&#8230;<\/p>\n<p><a title=\"Vaga\" href=\"http:\/\/www.orabr.com\/postar\/vaga\/\">Vagas<\/a><\/p>\n<p><a title=\"Disponibilidade\" href=\"http:\/\/www.orabr.com\/postar\/disponibilidade\/\">Disponibilidade para projetos<\/a><\/p>\n<p><a title=\"Oracle d\u00favidas e respostas\" href=\"http:\/\/www.orabr.com\/postar\/oracle_duvidas_respostas\/\">D\u00favidas<\/a><\/p><\/blockquote>\n<p><\/HTML><\/HTML><\/p>\n","protected":false},"excerpt":{"rendered":"<p>Lembrete! Voc\u00ea precisar estar\u00a0autenticado para editar seus posts. Os posts criados aqui s\u00e3o p\u00fablicos, n\u00e3o \u00e9 preciso estar autenticado para v\u00ea-los. Recrutadores, podem postar suas&hellip; <\/p>\n","protected":false},"author":1,"featured_media":0,"parent":0,"menu_order":0,"comment_status":"closed","ping_status":"closed","template":"","meta":{"footnotes":""},"class_list":["post-462","page","type-page","status-publish","hentry"],"_links":{"self":[{"href":"https:\/\/orabr.virttus.com\/index.php?rest_route=\/wp\/v2\/pages\/462","targetHints":{"allow":["GET"]}}],"collection":[{"href":"https:\/\/orabr.virttus.com\/index.php?rest_route=\/wp\/v2\/pages"}],"about":[{"href":"https:\/\/orabr.virttus.com\/index.php?rest_route=\/wp\/v2\/types\/page"}],"author":[{"embeddable":true,"href":"https:\/\/orabr.virttus.com\/index.php?rest_route=\/wp\/v2\/users\/1"}],"replies":[{"embeddable":true,"href":"https:\/\/orabr.virttus.com\/index.php?rest_route=%2Fwp%2Fv2%2Fcomments&post=462"}],"version-history":[{"count":24,"href":"https:\/\/orabr.virttus.com\/index.php?rest_route=\/wp\/v2\/pages\/462\/revisions"}],"predecessor-version":[{"id":5591,"href":"https:\/\/orabr.virttus.com\/index.php?rest_route=\/wp\/v2\/pages\/462\/revisions\/5591"}],"wp:attachment":[{"href":"https:\/\/orabr.virttus.com\/index.php?rest_route=%2Fwp%2Fv2%2Fmedia&parent=462"}],"curies":[{"name":"wp","href":"https:\/\/api.w.org\/{rel}","templated":true}]}}