{"id":3955,"date":"2014-08-10T05:42:51","date_gmt":"2014-08-10T08:42:51","guid":{"rendered":"http:\/\/www.orabr.com\/?page_id=3955"},"modified":"2016-07-13T22:36:32","modified_gmt":"2016-07-14T01:36:32","slug":"orabr-mais-cms-wordpress-vs-joomla-vs-drupal-vs-oracle-apex","status":"publish","type":"page","link":"https:\/\/orabr.virttus.com\/?page_id=3955","title":{"rendered":"ORABR-MAIS-CMS"},"content":{"rendered":"<p><HTML><HTML>Um pouco mais sobre o Orabr e sobre CMS, incluindo o Oracle Apex.<\/p>\n<p>A defini\u00e7\u00e3o para CMS \u00e9: &#8220;Content management system&#8221;, que em portugu\u00eas seria algo como: Sistema gerenciador de conte\u00fado.\u00a0Para melhor defini\u00e7\u00e3o o CMS \u00e9 uma ferramenta que auxilia e muito no desenvolvimento\u00a0de um website, em n\u00edvel de layout, base de dados e muito mais.<\/p>\n<p>Inicialmente o Orabr poderia\u00a0ter sido constru\u00eddo em\u00a0Oracle Apex, que segue os mesmos princ\u00edpios de um CMS.\u00a0 Ao meu ver \u00e9 a vers\u00e3o robusta de um\u00a0&#8220;CMS&#8221; da Oracle, mais sofisticado e voltado para fins totalmente comerciais para grandes projetos e corpora\u00e7\u00f5es.<\/p>\n<p>Os CMS mais comuns s\u00e3o: WordPress, Joomla e Drupal.\u00a0Os pontos fracos de fortes de cada um pode ser visto na tabela abaixo.<\/p>\n<p>Ap\u00f3s algumas pesquisas sobre v\u00e1rios pontos, incluindo custo,\u00a0tempo, rapidez e facilidades para o portugu\u00eas sem depender de muita tradu\u00e7\u00e3o, o WordPress foi o escolhido para\u00a0Orabr.<\/p>\n<p>Por que n\u00e3o Joomla, Drupal ou Oracle Apex?<\/p>\n<p>O Oracle Apex foi descartado pelo custo financeiro e operacional de se manter um servidor rodando banco Oracle com o servi\u00e7o do Apex, al\u00e9m disso, seria como matar uma mosca com um canh\u00e3o.<\/p>\n<p>O\u00a0Joomla, que seria\u00a0a segunda op\u00e7\u00e3o, e que suporta muito bem sistemas mais complexos, foi descartado pela falta de itens e componentes para\u00a0l\u00edngua portuguesa, o que iria demandar\u00a0muito trabalho para traduzir muitos dos m\u00f3dulos usados.<\/p>\n<p>Se tratando do Drupal que\u00a0\u00e9 bem semelhante ao Joomla, e t\u00e3o bom e eficiente quanto, mas tamb\u00e9m foi descartado pela falta de componentes para\u00a0l\u00edngua portuguesa o que tomaria muito tempo para sere traduzidos.<\/p>\n<p>Por isso ent\u00e3o o Orabr foi desenvolvido com WordPress.\u00a0A n\u00e3o necessidade de\u00a0muitas tradu\u00e7\u00f5es\u00a0dos componentes junto com alguns outros fatores positivos da ferramenta, foram decisivos\u00a0pela op\u00e7\u00e3o do WordPress.<br \/>\n<center><br \/>\n<iframe loading=\"lazy\" src=\"https:\/\/docs.google.com\/spreadsheets\/d\/1fkyOFAYV28qWzL4MWxTmHIcUniDoSARknwWERm_Uuig\/pubchart?oid=1929964182&amp;format=interactive\" width=\"600\" height=\"371\" frameborder=\"0\" scrolling=\"no\" seamless=\"\"><\/iframe><br \/>\n<\/center><\/p>\n<table border=\"0\" frame=\"VOID\" rules=\"NONE\" cellspacing=\"0\">\n<colgroup>\n<col width=\"259\" \/>\n<col width=\"292\" \/>\n<col width=\"280\" \/>\n<col width=\"384\" \/><\/colgroup>\n<tbody>\n<tr>\n<td align=\"CENTER\" valign=\"MIDDLE\" bgcolor=\"#FFFFFF\" width=\"259\" height=\"140\"><span style=\"font-size: large;\">WordPress<\/span><\/td>\n<td align=\"CENTER\" valign=\"MIDDLE\" bgcolor=\"#FFFFFF\" width=\"292\"><span style=\"font-size: large;\">Joomla<\/span><\/td>\n<td align=\"CENTER\" valign=\"MIDDLE\" bgcolor=\"#FFFFFF\" width=\"280\"><span style=\"font-size: large;\">Drupal <\/span><\/td>\n<td align=\"CENTER\" valign=\"MIDDLE\" bgcolor=\"#FFFFFF\" width=\"384\"><span style=\"font-size: large;\">Oracle Apex<\/span><\/td>\n<\/tr>\n<tr>\n<td colspan=\"4\" align=\"CENTER\" bgcolor=\"#FFFFFF\" height=\"22\">LAN\u00c7AMENTO<\/td>\n<\/tr>\n<tr>\n<td align=\"CENTER\" bgcolor=\"#FFFFFF\" height=\"22\">2003<\/td>\n<td align=\"CENTER\" bgcolor=\"#FFFFFF\">2005<\/td>\n<td align=\"CENTER\" bgcolor=\"#FFFFFF\">2001<\/td>\n<td align=\"CENTER\" bgcolor=\"#FFFFFF\">2004<\/td>\n<\/tr>\n<tr>\n<td colspan=\"4\" align=\"CENTER\" bgcolor=\"#FFFFFF\" height=\"22\">POPULARIDADE<\/td>\n<\/tr>\n<tr>\n<td align=\"CENTER\" bgcolor=\"#FFFFFF\" height=\"109\">&gt;140 milh\u00f5es downloads<\/td>\n<td align=\"CENTER\" bgcolor=\"#FFFFFF\">&gt;30 milh\u00f5es downloads<\/td>\n<td align=\"CENTER\" bgcolor=\"#FFFFFF\">&gt;15 milh\u00f5es downloads<\/td>\n<td align=\"CENTER\" bgcolor=\"#FFFFFF\">Informa\u00e7\u00e3o n\u00e3o encontrada.<\/td>\n<\/tr>\n<tr>\n<td colspan=\"4\" align=\"CENTER\" bgcolor=\"#FFFFFF\" height=\"22\">USADO PELAS EMPRESAS<\/td>\n<\/tr>\n<tr>\n<td align=\"CENTER\" bgcolor=\"#FFFFFF\" height=\"22\">Forbes<\/td>\n<td align=\"CENTER\" bgcolor=\"#FFFFFF\">Harvard University<\/td>\n<td align=\"CENTER\" bgcolor=\"#FFFFFF\">Linux<\/td>\n<td align=\"CENTER\" bgcolor=\"#FFFFFF\">Informa\u00e7\u00e3o n\u00e3o encontrada.<\/td>\n<\/tr>\n<tr>\n<td align=\"CENTER\" bgcolor=\"#FFFFFF\" height=\"22\">CNN<\/td>\n<td align=\"CENTER\" bgcolor=\"#FFFFFF\">The Hill<\/td>\n<td align=\"CENTER\" bgcolor=\"#FFFFFF\">Warner Bros<\/td>\n<td align=\"CENTER\" bgcolor=\"#FFFFFF\">Informa\u00e7\u00e3o n\u00e3o encontrada.<\/td>\n<\/tr>\n<tr>\n<td align=\"CENTER\" bgcolor=\"#FFFFFF\" height=\"22\">SONY<\/td>\n<td align=\"CENTER\" bgcolor=\"#FFFFFF\">eBay<\/td>\n<td align=\"CENTER\" bgcolor=\"#FFFFFF\">The With House \u2013 USA<\/td>\n<td align=\"CENTER\" bgcolor=\"#FFFFFF\">Informa\u00e7\u00e3o n\u00e3o encontrada.<\/td>\n<\/tr>\n<tr>\n<td colspan=\"4\" align=\"CENTER\" bgcolor=\"#FFFFFF\" height=\"22\">MELHOR APLICABILIDADE<\/td>\n<\/tr>\n<tr>\n<td align=\"LEFT\" valign=\"TOP\" bgcolor=\"#FFFFFF\" height=\"62\">Blogs, Web Sites corporativos pequenos e m\u00e9dios web sites, usu\u00e1rios<\/td>\n<td align=\"LEFT\" valign=\"TOP\" bgcolor=\"#FFFFFF\">E-comerce, redes sociais, web site, forms usu\u00e1rios<\/td>\n<td align=\"LEFT\" valign=\"TOP\" bgcolor=\"#FFFFFF\">Atende a todas a necessidades web site, web service, e-comerce, usu\u00e1rios.<\/td>\n<td align=\"LEFT\" valign=\"TOP\" bgcolor=\"#FFFFFF\">Sistemas customizados, e-comerce, sistemas coporativos, Forms, Reports, PL\/SQL, Mobile, WebService, Restful, usu\u00e1rios.<\/td>\n<\/tr>\n<tr>\n<td colspan=\"4\" align=\"CENTER\" bgcolor=\"#FFFFFF\" height=\"22\">COMPLEXIDADE<\/td>\n<\/tr>\n<tr>\n<td align=\"CENTER\" bgcolor=\"#FFFFFF\" height=\"22\">BAIXA<\/td>\n<td align=\"CENTER\" bgcolor=\"#FFFFFF\">ALTA<\/td>\n<td align=\"CENTER\" bgcolor=\"#FFFFFF\">MEDIA<\/td>\n<td align=\"CENTER\" bgcolor=\"#FFFFFF\">ALTA<\/td>\n<\/tr>\n<tr>\n<td colspan=\"4\" align=\"CENTER\" bgcolor=\"#FFFFFF\" height=\"22\">FACILIDADES PARA PORTUGU\u00caS<\/td>\n<\/tr>\n<tr>\n<td align=\"CENTER\" bgcolor=\"#FFFFFF\" height=\"22\">EXCELENTE<\/td>\n<td align=\"CENTER\" bgcolor=\"#FFFFFF\">RUIM<\/td>\n<td align=\"CENTER\" bgcolor=\"#FFFFFF\">RUIM<\/td>\n<td align=\"CENTER\" bgcolor=\"#FFFFFF\">REGULAR<\/td>\n<\/tr>\n<\/tbody>\n<\/table>\n<p><\/HTML><\/HTML><\/p>\n","protected":false},"excerpt":{"rendered":"<p>Um pouco mais sobre o Orabr e sobre CMS, incluindo o Oracle Apex. A defini\u00e7\u00e3o para CMS \u00e9: &#8220;Content management system&#8221;, que em portugu\u00eas seria&hellip; <\/p>\n","protected":false},"author":1,"featured_media":0,"parent":0,"menu_order":0,"comment_status":"open","ping_status":"closed","template":"","meta":{"footnotes":""},"class_list":["post-3955","page","type-page","status-publish","hentry"],"_links":{"self":[{"href":"https:\/\/orabr.virttus.com\/index.php?rest_route=\/wp\/v2\/pages\/3955","targetHints":{"allow":["GET"]}}],"collection":[{"href":"https:\/\/orabr.virttus.com\/index.php?rest_route=\/wp\/v2\/pages"}],"about":[{"href":"https:\/\/orabr.virttus.com\/index.php?rest_route=\/wp\/v2\/types\/page"}],"author":[{"embeddable":true,"href":"https:\/\/orabr.virttus.com\/index.php?rest_route=\/wp\/v2\/users\/1"}],"replies":[{"embeddable":true,"href":"https:\/\/orabr.virttus.com\/index.php?rest_route=%2Fwp%2Fv2%2Fcomments&post=3955"}],"version-history":[{"count":25,"href":"https:\/\/orabr.virttus.com\/index.php?rest_route=\/wp\/v2\/pages\/3955\/revisions"}],"predecessor-version":[{"id":11584,"href":"https:\/\/orabr.virttus.com\/index.php?rest_route=\/wp\/v2\/pages\/3955\/revisions\/11584"}],"wp:attachment":[{"href":"https:\/\/orabr.virttus.com\/index.php?rest_route=%2Fwp%2Fv2%2Fmedia&parent=3955"}],"curies":[{"name":"wp","href":"https:\/\/api.w.org\/{rel}","templated":true}]}}