{"id":394,"date":"2014-07-17T07:50:46","date_gmt":"2014-07-17T10:50:46","guid":{"rendered":"http:\/\/www.orabr.com\/?page_id=394"},"modified":"2015-11-04T22:41:18","modified_gmt":"2015-11-05T00:41:18","slug":"SOBRE-ORABR","status":"publish","type":"page","link":"https:\/\/orabr.virttus.com\/?page_id=394","title":{"rendered":"SOBRE ORABR"},"content":{"rendered":"<p><HTML><HTML><\/p>\n<ul>\n<li>Porque do Orabr?<\/li>\n<\/ul>\n<p>Com o intu\u00eddo de contribuir com o grupo de Emails, &#8220;&#8221;, \u00a0a ferramenta permite que usu\u00e1rios ainda n\u00e3o adicionados ao grupo, possam ter acesso aos emails enviados ao grupo.<\/p>\n<p>Al\u00e9m de facilitar o trabalho dos gestores do grupo, o Orabr permite que um hist\u00f3rico seja gerado, para pesquisas futuras, dessa maneira as d\u00favidas e respostas podem ser pesquisadas e consultadas sem que os mesmos problemas sejam enviados ao grupo novamente.<\/p>\n<ul>\n<li>Privacidade<\/li>\n<\/ul>\n<p>Isso garante que apenas pessoas que fazem parte do grupo ou pessoas que conhecem pessoas do grupo, tenham acesso ao conte\u00fado.<\/p>\n<p>Apenas usu\u00e1rios cadastrados possuem acessos aos post de vagas, d\u00favidas e respostas, provenientes do grupo do PTP.<\/p>\n<p>Apenas usu\u00e1rios cadastrados podem comentar os posts.<\/p>\n<ul>\n<li>Features<\/li>\n<\/ul>\n<blockquote><p>O Orabr al\u00e9m do PC, pode ser visualizado em tablets, smart fones e outros equipamentos m\u00f3veis.<\/p><\/blockquote>\n<p>Usu\u00e1rios cadastrados podem criar,deletar, alterar seus posts e, comentar os posts criado por outros usu\u00e1rios.<\/p>\n<p>Painel para edi\u00e7\u00e3o do seu perfil.<\/p>\n<p>Mais em breve&#8230;.<\/p>\n<ul>\n<li>Base de conhecimentos<\/li>\n<\/ul>\n<p>Com a essa ferramenta ser\u00e1 poss\u00edvel manter um hist\u00f3rico de f\u00e1cil, r\u00e1pido e \u00fatil acesso para pesquisar futuras.<\/p>\n<p>Pesquisas sobre os t\u00f3picos e ou temas discutidos, poder\u00e3o ser acessados.<\/HTML><\/HTML><\/p>\n","protected":false},"excerpt":{"rendered":"<p>Porque do Orabr? Com o intu\u00eddo de contribuir com o grupo de Emails, &#8220;&#8221;, \u00a0a ferramenta permite que usu\u00e1rios ainda n\u00e3o adicionados ao grupo, possam&hellip; <\/p>\n","protected":false},"author":1,"featured_media":0,"parent":0,"menu_order":0,"comment_status":"closed","ping_status":"closed","template":"","meta":{"footnotes":""},"class_list":["post-394","page","type-page","status-publish","hentry"],"_links":{"self":[{"href":"https:\/\/orabr.virttus.com\/index.php?rest_route=\/wp\/v2\/pages\/394","targetHints":{"allow":["GET"]}}],"collection":[{"href":"https:\/\/orabr.virttus.com\/index.php?rest_route=\/wp\/v2\/pages"}],"about":[{"href":"https:\/\/orabr.virttus.com\/index.php?rest_route=\/wp\/v2\/types\/page"}],"author":[{"embeddable":true,"href":"https:\/\/orabr.virttus.com\/index.php?rest_route=\/wp\/v2\/users\/1"}],"replies":[{"embeddable":true,"href":"https:\/\/orabr.virttus.com\/index.php?rest_route=%2Fwp%2Fv2%2Fcomments&post=394"}],"version-history":[{"count":8,"href":"https:\/\/orabr.virttus.com\/index.php?rest_route=\/wp\/v2\/pages\/394\/revisions"}],"predecessor-version":[{"id":10357,"href":"https:\/\/orabr.virttus.com\/index.php?rest_route=\/wp\/v2\/pages\/394\/revisions\/10357"}],"wp:attachment":[{"href":"https:\/\/orabr.virttus.com\/index.php?rest_route=%2Fwp%2Fv2%2Fmedia&parent=394"}],"curies":[{"name":"wp","href":"https:\/\/api.w.org\/{rel}","templated":true}]}}