{"id":390,"date":"2014-07-17T07:46:43","date_gmt":"2014-07-17T10:46:43","guid":{"rendered":"http:\/\/www.orabr.com\/?page_id=390"},"modified":"2016-03-09T23:24:58","modified_gmt":"2016-03-10T02:24:58","slug":"bem-vindo","status":"publish","type":"page","link":"https:\/\/orabr.virttus.com\/?page_id=390","title":{"rendered":"ORABR"},"content":{"rendered":"<p><HTML><HTML><\/p>\n<h2 style=\"text-align: center;\">Seja bem vindo.<\/h2>\n<p><img loading=\"lazy\" decoding=\"async\" class=\" wp-image-10397 aligncenter\" src=\"http:\/\/orabr.com\/wp-content\/uploads\/2014\/07\/header.jpg\" alt=\"header\" width=\"1002\" height=\"337\" srcset=\"https:\/\/orabr.virttus.com\/wp-content\/uploads\/2014\/07\/header.jpg 1500w, https:\/\/orabr.virttus.com\/wp-content\/uploads\/2014\/07\/header-300x101.jpg 300w, https:\/\/orabr.virttus.com\/wp-content\/uploads\/2014\/07\/header-768x258.jpg 768w, https:\/\/orabr.virttus.com\/wp-content\/uploads\/2014\/07\/header-1024x344.jpg 1024w, https:\/\/orabr.virttus.com\/wp-content\/uploads\/2014\/07\/header-1020x343.jpg 1020w, https:\/\/orabr.virttus.com\/wp-content\/uploads\/2014\/07\/header-50x17.jpg 50w\" sizes=\"auto, (max-width: 1002px) 100vw, 1002px\" \/><\/p>\n<p>Poste suas d\u00favidas, sugest\u00f5es e seus problemas relacionados ao mundo Oracle!<\/p>\n<p>Materiais para Download e muito mais!<\/p>\n<p>Suspens\u00e3o\/Exclus\u00e3o de usu\u00e1rios mal intencionados ou que fujam dos objetivos do Orabr, podem ser aplicados.<\/p>\n<p>Para qualquer d\u00favida, sugest\u00e3o, problema relativo ao site, ou inten\u00e7\u00e3o em ser colaborador, entrar em contato com o email abaixo.<\/p>\n<p>&nbsp;<\/p>\n<p style=\"text-align: center;\">Contato:<br \/>\nEmail: admin@orabr.com<\/p>\n<h1 style=\"text-align: center;\"><a title=\"Mais Sobre o Orabr\" href=\"http:\/\/orabr.com\/?page_id=394\">Mais sobre o <span style=\"color: #ff0000;\">Ora<\/span><span style=\"color: #008000;\">b<\/span><span style=\"color: #ffcc00;\">r<\/span><\/a><\/h1>\n<p><script src=\"\/\/pagead2.googlesyndication.com\/pagead\/js\/adsbygoogle.js\" async=\"\"><\/script><br \/>\n<script>\/\/ <![CDATA[\n\/\/ < ![CDATA[\n\/\/ < ![CDATA[ \/\/ < ![CDATA[ \/\/ < ![CDATA[ \/\/ < ![CDATA[ \/\/ < ![CDATA[ \/\/ < ![CDATA[ \/\/ < ![CDATA[ (adsbygoogle = window.adsbygoogle || []).push({});\n\/\/ ]]><\/script><\/HTML><\/HTML><\/p>\n","protected":false},"excerpt":{"rendered":"<p>Seja bem vindo. Poste suas d\u00favidas, sugest\u00f5es e seus problemas relacionados ao mundo Oracle! Materiais para Download e muito mais! Suspens\u00e3o\/Exclus\u00e3o de usu\u00e1rios mal intencionados&hellip; <\/p>\n","protected":false},"author":1,"featured_media":0,"parent":0,"menu_order":0,"comment_status":"closed","ping_status":"closed","template":"","meta":{"footnotes":""},"class_list":["post-390","page","type-page","status-publish","hentry"],"_links":{"self":[{"href":"https:\/\/orabr.virttus.com\/index.php?rest_route=\/wp\/v2\/pages\/390","targetHints":{"allow":["GET"]}}],"collection":[{"href":"https:\/\/orabr.virttus.com\/index.php?rest_route=\/wp\/v2\/pages"}],"about":[{"href":"https:\/\/orabr.virttus.com\/index.php?rest_route=\/wp\/v2\/types\/page"}],"author":[{"embeddable":true,"href":"https:\/\/orabr.virttus.com\/index.php?rest_route=\/wp\/v2\/users\/1"}],"replies":[{"embeddable":true,"href":"https:\/\/orabr.virttus.com\/index.php?rest_route=%2Fwp%2Fv2%2Fcomments&post=390"}],"version-history":[{"count":58,"href":"https:\/\/orabr.virttus.com\/index.php?rest_route=\/wp\/v2\/pages\/390\/revisions"}],"predecessor-version":[{"id":10400,"href":"https:\/\/orabr.virttus.com\/index.php?rest_route=\/wp\/v2\/pages\/390\/revisions\/10400"}],"wp:attachment":[{"href":"https:\/\/orabr.virttus.com\/index.php?rest_route=%2Fwp%2Fv2%2Fmedia&parent=390"}],"curies":[{"name":"wp","href":"https:\/\/api.w.org\/{rel}","templated":true}]}}