{"id":3715,"date":"2014-01-01T01:01:58","date_gmt":"2014-01-01T03:01:58","guid":{"rendered":"http:\/\/www.orabr.com\/?page_id=3715"},"modified":"2020-09-20T13:50:58","modified_gmt":"2020-09-20T16:50:58","slug":"oportunidade","status":"publish","type":"page","link":"https:\/\/orabr.virttus.com\/?page_id=3715","title":{"rendered":"OPORTUNIDADE"},"content":{"rendered":"<p><HTML>[su_members message=&#8221;Este conte\u00fado \u00e9 apenas para usu\u00e1rios cadastrados. Por favor, %login%.&#8221;]<\/p>\n<p>[bf form_slug=&#8221;fv5ip&#8221;]<\/p>\n<p>Conte\u00fado para membros conectados<\/p>\n<p>[\/su_members]<\/HTML><\/p>\n","protected":false},"excerpt":{"rendered":"<p>[su_members message=&#8221;Este conte\u00fado \u00e9 apenas para usu\u00e1rios cadastrados. Por favor, %login%.&#8221;] [bf form_slug=&#8221;fv5ip&#8221;] Conte\u00fado para membros conectados [\/su_members]<\/p>\n","protected":false},"author":1,"featured_media":0,"parent":462,"menu_order":0,"comment_status":"closed","ping_status":"closed","template":"","meta":{"footnotes":""},"class_list":["post-3715","page","type-page","status-publish","hentry"],"_links":{"self":[{"href":"https:\/\/orabr.virttus.com\/index.php?rest_route=\/wp\/v2\/pages\/3715","targetHints":{"allow":["GET"]}}],"collection":[{"href":"https:\/\/orabr.virttus.com\/index.php?rest_route=\/wp\/v2\/pages"}],"about":[{"href":"https:\/\/orabr.virttus.com\/index.php?rest_route=\/wp\/v2\/types\/page"}],"author":[{"embeddable":true,"href":"https:\/\/orabr.virttus.com\/index.php?rest_route=\/wp\/v2\/users\/1"}],"replies":[{"embeddable":true,"href":"https:\/\/orabr.virttus.com\/index.php?rest_route=%2Fwp%2Fv2%2Fcomments&post=3715"}],"version-history":[{"count":8,"href":"https:\/\/orabr.virttus.com\/index.php?rest_route=\/wp\/v2\/pages\/3715\/revisions"}],"predecessor-version":[{"id":20895,"href":"https:\/\/orabr.virttus.com\/index.php?rest_route=\/wp\/v2\/pages\/3715\/revisions\/20895"}],"up":[{"embeddable":true,"href":"https:\/\/orabr.virttus.com\/index.php?rest_route=\/wp\/v2\/pages\/462"}],"wp:attachment":[{"href":"https:\/\/orabr.virttus.com\/index.php?rest_route=%2Fwp%2Fv2%2Fmedia&parent=3715"}],"curies":[{"name":"wp","href":"https:\/\/api.w.org\/{rel}","templated":true}]}}