{"id":3669,"date":"2014-01-01T01:01:33","date_gmt":"2014-01-01T03:01:33","guid":{"rendered":"http:\/\/www.orabr.com\/?page_id=3669"},"modified":"2018-07-14T11:48:04","modified_gmt":"2018-07-14T14:48:04","slug":"arquivos","status":"publish","type":"page","link":"https:\/\/orabr.virttus.com\/?page_id=3669","title":{"rendered":"ARQUIVOS"},"content":{"rendered":"<p><HTML><HTML><em>Lembrete! <\/em><\/p>\n<p><em>Voc\u00ea precisar estar\u00a0autenticado para ter acesso aos arquivos, manuais, etc&#8230;<\/em><br \/>\n[su_members message=&#8221;Voc\u00ea precisa estar conectado no site. Grato %login%.&#8221;]Conte\u00fado para membros apenas. Por favor entre com seu usu\u00e1rio e senha.[\/su_members]<\/p>\n<p>[filemanager foldername=&#8221;*&#8221;]<\/HTML><\/HTML><\/p>\n","protected":false},"excerpt":{"rendered":"<p>Lembrete! Voc\u00ea precisar estar\u00a0autenticado para ter acesso aos arquivos, manuais, etc&#8230; [su_members message=&#8221;Voc\u00ea precisa estar conectado no site. Grato %login%.&#8221;]Conte\u00fado para membros apenas. Por favor&hellip; <\/p>\n","protected":false},"author":1,"featured_media":0,"parent":0,"menu_order":0,"comment_status":"closed","ping_status":"closed","template":"","meta":{"footnotes":""},"class_list":["post-3669","page","type-page","status-publish","hentry"],"_links":{"self":[{"href":"https:\/\/orabr.virttus.com\/index.php?rest_route=\/wp\/v2\/pages\/3669","targetHints":{"allow":["GET"]}}],"collection":[{"href":"https:\/\/orabr.virttus.com\/index.php?rest_route=\/wp\/v2\/pages"}],"about":[{"href":"https:\/\/orabr.virttus.com\/index.php?rest_route=\/wp\/v2\/types\/page"}],"author":[{"embeddable":true,"href":"https:\/\/orabr.virttus.com\/index.php?rest_route=\/wp\/v2\/users\/1"}],"replies":[{"embeddable":true,"href":"https:\/\/orabr.virttus.com\/index.php?rest_route=%2Fwp%2Fv2%2Fcomments&post=3669"}],"version-history":[{"count":24,"href":"https:\/\/orabr.virttus.com\/index.php?rest_route=\/wp\/v2\/pages\/3669\/revisions"}],"predecessor-version":[{"id":16855,"href":"https:\/\/orabr.virttus.com\/index.php?rest_route=\/wp\/v2\/pages\/3669\/revisions\/16855"}],"wp:attachment":[{"href":"https:\/\/orabr.virttus.com\/index.php?rest_route=%2Fwp%2Fv2%2Fmedia&parent=3669"}],"curies":[{"name":"wp","href":"https:\/\/api.w.org\/{rel}","templated":true}]}}