{"id":20741,"date":"2020-08-12T12:24:05","date_gmt":"2020-08-12T15:24:05","guid":{"rendered":"https:\/\/orabr.com\/?page_id=20741"},"modified":"2020-08-12T13:42:25","modified_gmt":"2020-08-12T16:42:25","slug":"doacoes-para-orabr","status":"publish","type":"page","link":"https:\/\/orabr.virttus.com\/?page_id=20741","title":{"rendered":"Doa\u00e7\u00e3o"},"content":{"rendered":"<HTML>\n<h4>Caso voc\u00ea queira e sinta confort\u00e1vel em contribuir para a manuten\u00e7\u00e3o deste blog por favor, utilize o PayPal.<\/h4>\n<p>\u00a0<\/p>\n<p>[wpedon id=20735]<\/p>\n<p>\u00a0<\/p>\n<h4>Obrigado,<\/h4>\n<h4>\u00a0<\/h4>\n<h4>Time Orabr.<\/h4>\n<\/HTML>","protected":false},"excerpt":{"rendered":"","protected":false},"author":1,"featured_media":0,"parent":0,"menu_order":0,"comment_status":"closed","ping_status":"closed","template":"","meta":{"footnotes":""},"class_list":["post-20741","page","type-page","status-publish","hentry"],"_links":{"self":[{"href":"https:\/\/orabr.virttus.com\/index.php?rest_route=\/wp\/v2\/pages\/20741","targetHints":{"allow":["GET"]}}],"collection":[{"href":"https:\/\/orabr.virttus.com\/index.php?rest_route=\/wp\/v2\/pages"}],"about":[{"href":"https:\/\/orabr.virttus.com\/index.php?rest_route=\/wp\/v2\/types\/page"}],"author":[{"embeddable":true,"href":"https:\/\/orabr.virttus.com\/index.php?rest_route=\/wp\/v2\/users\/1"}],"replies":[{"embeddable":true,"href":"https:\/\/orabr.virttus.com\/index.php?rest_route=%2Fwp%2Fv2%2Fcomments&post=20741"}],"version-history":[{"count":4,"href":"https:\/\/orabr.virttus.com\/index.php?rest_route=\/wp\/v2\/pages\/20741\/revisions"}],"predecessor-version":[{"id":20777,"href":"https:\/\/orabr.virttus.com\/index.php?rest_route=\/wp\/v2\/pages\/20741\/revisions\/20777"}],"wp:attachment":[{"href":"https:\/\/orabr.virttus.com\/index.php?rest_route=%2Fwp%2Fv2%2Fmedia&parent=20741"}],"curies":[{"name":"wp","href":"https:\/\/api.w.org\/{rel}","templated":true}]}}